{"id":9251,"date":"2026-04-24T16:39:44","date_gmt":"2026-04-24T13:39:44","guid":{"rendered":"https:\/\/petityu.com\/petityu-upf50-omuz-firfir-detayli-mermaid-asiri-sirin-denizkizi-mayo-bone-set\/"},"modified":"2026-04-24T16:41:21","modified_gmt":"2026-04-24T13:41:21","slug":"petityu-upf50-omuz-firfir-detayli-mermaid-asiri-sirin-denizkizi-mayo-bone-set","status":"publish","type":"product","link":"https:\/\/petityu.com\/en\/petityu-upf50-omuz-firfir-detayli-mermaid-asiri-sirin-denizkizi-mayo-bone-set\/","title":{"rendered":"Petityu UPF50+ Omuz F\u0131rf\u0131r Detayl\u0131 Mermaid A\u015f\u0131r\u0131 \u015eirin Denizk\u0131z\u0131 Mayo Bone Set"},"content":{"rendered":"<p><p>UPF50+ G\u00fcne\u015f Korumal\u0131 K\u0131z \u00c7ocuk Bone Mayo Set<\/p><p>A\u015f\u0131r\u0131 \u015eirin Mermaid Denizk\u0131z\u0131 Desenli Omuz F\u0131rf\u0131r Detayl\u0131 <\/p><\/p>","protected":false},"excerpt":{"rendered":"<p>UPF50+ G\u00fcne\u015f Korumal\u0131 K\u0131z \u00c7ocuk Bone Mayo SetA\u015f\u0131r\u0131 \u015eirin Mermaid Denizk\u0131z\u0131 Desenli Omuz F\u0131rf\u0131r Detayl\u0131<\/p>","protected":false},"featured_media":9250,"template":"","meta":[],"product_brand":[],"product_cat":[974],"product_tag":[],"class_list":{"0":"post-9251","1":"product","2":"type-product","3":"status-publish","4":"has-post-thumbnail","6":"product_cat-mayo","8":"first","9":"instock","10":"taxable","11":"shipping-taxable","12":"purchasable","13":"product-type-variable"},"_links":{"self":[{"href":"https:\/\/petityu.com\/en\/wp-json\/wp\/v2\/product\/9251","targetHints":{"allow":["GET"]}}],"collection":[{"href":"https:\/\/petityu.com\/en\/wp-json\/wp\/v2\/product"}],"about":[{"href":"https:\/\/petityu.com\/en\/wp-json\/wp\/v2\/types\/product"}],"wp:featuredmedia":[{"embeddable":true,"href":"https:\/\/petityu.com\/en\/wp-json\/wp\/v2\/media\/9250"}],"wp:attachment":[{"href":"https:\/\/petityu.com\/en\/wp-json\/wp\/v2\/media?parent=9251"}],"wp:term":[{"taxonomy":"product_brand","embeddable":true,"href":"https:\/\/petityu.com\/en\/wp-json\/wp\/v2\/product_brand?post=9251"},{"taxonomy":"product_cat","embeddable":true,"href":"https:\/\/petityu.com\/en\/wp-json\/wp\/v2\/product_cat?post=9251"},{"taxonomy":"product_tag","embeddable":true,"href":"https:\/\/petityu.com\/en\/wp-json\/wp\/v2\/product_tag?post=9251"}],"curies":[{"name":"wp","href":"https:\/\/api.w.org\/{rel}","templated":true}]}}