{"id":9257,"date":"2026-04-24T17:02:32","date_gmt":"2026-04-24T14:02:32","guid":{"rendered":"https:\/\/petityu.com\/?post_type=product&#038;p=9257"},"modified":"2026-04-24T17:03:38","modified_gmt":"2026-04-24T14:03:38","slug":"petityu-gunes-korumali-uzun-kollu-caretta-caretta-su-yesili-sapka-mayo-set","status":"publish","type":"product","link":"https:\/\/petityu.com\/en\/petityu-gunes-korumali-uzun-kollu-caretta-caretta-su-yesili-sapka-mayo-set\/","title":{"rendered":"Petityu G\u00fcne\u015f Korumal\u0131 Uzun Kollu Caretta Caretta Su Ye\u015fili \u015eapka Mayo Set"},"content":{"rendered":"<p><p>G\u00fcne\u015f Koruma\u015fl\u0131 Uzun Kollu Erkek Bebek \u015eapka Mayo Set<\/p><p>Caretta Caretta Desenli Su Ye\u015fili<\/p><\/p>","protected":false},"excerpt":{"rendered":"<p>G\u00fcne\u015f Koruma\u015fl\u0131 Uzun Kollu Erkek Bebek \u015eapka Mayo SetCaretta Caretta Desenli Su Ye\u015fili<\/p>","protected":false},"featured_media":9256,"template":"","meta":[],"product_brand":[],"product_cat":[987],"product_tag":[],"class_list":{"0":"post-9257","1":"product","2":"type-product","3":"status-publish","4":"has-post-thumbnail","6":"product_cat-mayo-erkekcocuk","8":"first","9":"instock","10":"taxable","11":"shipping-taxable","12":"purchasable","13":"product-type-variable"},"_links":{"self":[{"href":"https:\/\/petityu.com\/en\/wp-json\/wp\/v2\/product\/9257","targetHints":{"allow":["GET"]}}],"collection":[{"href":"https:\/\/petityu.com\/en\/wp-json\/wp\/v2\/product"}],"about":[{"href":"https:\/\/petityu.com\/en\/wp-json\/wp\/v2\/types\/product"}],"wp:featuredmedia":[{"embeddable":true,"href":"https:\/\/petityu.com\/en\/wp-json\/wp\/v2\/media\/9256"}],"wp:attachment":[{"href":"https:\/\/petityu.com\/en\/wp-json\/wp\/v2\/media?parent=9257"}],"wp:term":[{"taxonomy":"product_brand","embeddable":true,"href":"https:\/\/petityu.com\/en\/wp-json\/wp\/v2\/product_brand?post=9257"},{"taxonomy":"product_cat","embeddable":true,"href":"https:\/\/petityu.com\/en\/wp-json\/wp\/v2\/product_cat?post=9257"},{"taxonomy":"product_tag","embeddable":true,"href":"https:\/\/petityu.com\/en\/wp-json\/wp\/v2\/product_tag?post=9257"}],"curies":[{"name":"wp","href":"https:\/\/api.w.org\/{rel}","templated":true}]}}