{"id":9264,"date":"2026-04-24T17:27:24","date_gmt":"2026-04-24T14:27:24","guid":{"rendered":"https:\/\/petityu.com\/?post_type=product&#038;p=9264"},"modified":"2026-04-24T17:27:53","modified_gmt":"2026-04-24T14:27:53","slug":"petityu-gunes-korumali-beep-dinazor-desenli-boneli-erkek-cocuk-boneli-tulum-mayo-turuncu-bej","status":"publish","type":"product","link":"https:\/\/petityu.com\/en\/petityu-gunes-korumali-beep-dinazor-desenli-boneli-erkek-cocuk-boneli-tulum-mayo-turuncu-bej\/","title":{"rendered":"Petityu G\u00fcne\u015f Korumal\u0131 BEEP Dinazor Desenli Boneli Erkek \u00c7ocuk Boneli Tulum Mayo Turuncu Bej"},"content":{"rendered":"<p><p>G\u00fcne\u015f Korumal\u0131 Erkek \u00c7ocuk Boneli Tulum Mayo<\/p><p>Beep Dinazor Desenli Turuncu Bej<\/p><\/p>","protected":false},"excerpt":{"rendered":"<p>G\u00fcne\u015f Korumal\u0131 Erkek \u00c7ocuk Boneli Tulum MayoBeep Dinazor Desenli Turuncu Bej<\/p>","protected":false},"featured_media":9263,"template":"","meta":[],"product_brand":[],"product_cat":[987],"product_tag":[],"class_list":{"0":"post-9264","1":"product","2":"type-product","3":"status-publish","4":"has-post-thumbnail","6":"product_cat-mayo-erkekcocuk","8":"first","9":"instock","10":"taxable","11":"shipping-taxable","12":"purchasable","13":"product-type-variable"},"_links":{"self":[{"href":"https:\/\/petityu.com\/en\/wp-json\/wp\/v2\/product\/9264","targetHints":{"allow":["GET"]}}],"collection":[{"href":"https:\/\/petityu.com\/en\/wp-json\/wp\/v2\/product"}],"about":[{"href":"https:\/\/petityu.com\/en\/wp-json\/wp\/v2\/types\/product"}],"wp:featuredmedia":[{"embeddable":true,"href":"https:\/\/petityu.com\/en\/wp-json\/wp\/v2\/media\/9263"}],"wp:attachment":[{"href":"https:\/\/petityu.com\/en\/wp-json\/wp\/v2\/media?parent=9264"}],"wp:term":[{"taxonomy":"product_brand","embeddable":true,"href":"https:\/\/petityu.com\/en\/wp-json\/wp\/v2\/product_brand?post=9264"},{"taxonomy":"product_cat","embeddable":true,"href":"https:\/\/petityu.com\/en\/wp-json\/wp\/v2\/product_cat?post=9264"},{"taxonomy":"product_tag","embeddable":true,"href":"https:\/\/petityu.com\/en\/wp-json\/wp\/v2\/product_tag?post=9264"}],"curies":[{"name":"wp","href":"https:\/\/api.w.org\/{rel}","templated":true}]}}