{"id":9268,"date":"2026-04-24T18:07:29","date_gmt":"2026-04-24T15:07:29","guid":{"rendered":"https:\/\/petityu.com\/?post_type=product&#038;p=9268"},"modified":"2026-04-24T18:07:55","modified_gmt":"2026-04-24T15:07:55","slug":"petityu-asiri-sirin-gunes-korumali-cilek-kirmizi-pembe-mayo-sapka-set","status":"publish","type":"product","link":"https:\/\/petityu.com\/en\/petityu-asiri-sirin-gunes-korumali-cilek-kirmizi-pembe-mayo-sapka-set\/","title":{"rendered":"Petityu A\u015f\u0131r\u0131 \u015eirin G\u00fcne\u015f Korumal\u0131 \u00c7ilek K\u0131rm\u0131z\u0131 Pembe Mayo \u015eapka Set"},"content":{"rendered":"<p><p>A\u015f\u0131r\u0131 \u015eirin K\u0131rm\u0131z\u0131 Pembe \u00c7ilek Desenli \u015eapka Mayo Set<\/p><p>G\u00fcne\u015f Korumal\u0131 K\u0131z Bebek Mayo Set<\/p><\/p>","protected":false},"excerpt":{"rendered":"<p>A\u015f\u0131r\u0131 \u015eirin K\u0131rm\u0131z\u0131 Pembe \u00c7ilek Desenli \u015eapka Mayo SetG\u00fcne\u015f Korumal\u0131 K\u0131z Bebek Mayo Set<\/p>","protected":false},"featured_media":9267,"template":"","meta":[],"product_brand":[],"product_cat":[974],"product_tag":[],"class_list":{"0":"post-9268","1":"product","2":"type-product","3":"status-publish","4":"has-post-thumbnail","6":"product_cat-mayo","8":"first","9":"instock","10":"taxable","11":"shipping-taxable","12":"purchasable","13":"product-type-variable"},"_links":{"self":[{"href":"https:\/\/petityu.com\/en\/wp-json\/wp\/v2\/product\/9268","targetHints":{"allow":["GET"]}}],"collection":[{"href":"https:\/\/petityu.com\/en\/wp-json\/wp\/v2\/product"}],"about":[{"href":"https:\/\/petityu.com\/en\/wp-json\/wp\/v2\/types\/product"}],"wp:featuredmedia":[{"embeddable":true,"href":"https:\/\/petityu.com\/en\/wp-json\/wp\/v2\/media\/9267"}],"wp:attachment":[{"href":"https:\/\/petityu.com\/en\/wp-json\/wp\/v2\/media?parent=9268"}],"wp:term":[{"taxonomy":"product_brand","embeddable":true,"href":"https:\/\/petityu.com\/en\/wp-json\/wp\/v2\/product_brand?post=9268"},{"taxonomy":"product_cat","embeddable":true,"href":"https:\/\/petityu.com\/en\/wp-json\/wp\/v2\/product_cat?post=9268"},{"taxonomy":"product_tag","embeddable":true,"href":"https:\/\/petityu.com\/en\/wp-json\/wp\/v2\/product_tag?post=9268"}],"curies":[{"name":"wp","href":"https:\/\/api.w.org\/{rel}","templated":true}]}}