{"id":9279,"date":"2026-04-28T16:48:16","date_gmt":"2026-04-28T13:48:16","guid":{"rendered":"https:\/\/petityu.com\/?post_type=product&#038;p=9279"},"modified":"2026-04-28T16:50:38","modified_gmt":"2026-04-28T13:50:38","slug":"petityu-upf50-gunes-korumali-ucak-desenli-ayarlanabilir-bebek-cocuk-sapka","status":"publish","type":"product","link":"https:\/\/petityu.com\/en\/petityu-upf50-gunes-korumali-ucak-desenli-ayarlanabilir-bebek-cocuk-sapka\/","title":{"rendered":"Petityu UPF50+ G\u00fcne\u015f Korumal\u0131 U\u00e7ak Desenli Ayarlanabilir Bebek \u00c7ocuk \u015eapka"},"content":{"rendered":"<p><p>UPF50+ G\u00fcne\u015f Korumal\u0131 Ayarlanabilir Bebek&amp; \u00c7ocuk \u015eapka<\/p><p>U\u00e7ak Desenli<\/p><p>Beyaz &amp; Mavi Renk<\/p><\/p>","protected":false},"excerpt":{"rendered":"<p>UPF50+ G\u00fcne\u015f Korumal\u0131 Ayarlanabilir Bebek&amp; \u00c7ocuk \u015eapkaU\u00e7ak DesenliBeyaz &amp; Mavi Renk<\/p>","protected":false},"featured_media":9278,"template":"","meta":[],"product_brand":[],"product_cat":[996],"product_tag":[],"class_list":{"0":"post-9279","1":"product","2":"type-product","3":"status-publish","4":"has-post-thumbnail","6":"product_cat-sapka-erkekcocuk","8":"first","9":"instock","10":"taxable","11":"shipping-taxable","12":"purchasable","13":"product-type-variable"},"_links":{"self":[{"href":"https:\/\/petityu.com\/en\/wp-json\/wp\/v2\/product\/9279","targetHints":{"allow":["GET"]}}],"collection":[{"href":"https:\/\/petityu.com\/en\/wp-json\/wp\/v2\/product"}],"about":[{"href":"https:\/\/petityu.com\/en\/wp-json\/wp\/v2\/types\/product"}],"wp:featuredmedia":[{"embeddable":true,"href":"https:\/\/petityu.com\/en\/wp-json\/wp\/v2\/media\/9278"}],"wp:attachment":[{"href":"https:\/\/petityu.com\/en\/wp-json\/wp\/v2\/media?parent=9279"}],"wp:term":[{"taxonomy":"product_brand","embeddable":true,"href":"https:\/\/petityu.com\/en\/wp-json\/wp\/v2\/product_brand?post=9279"},{"taxonomy":"product_cat","embeddable":true,"href":"https:\/\/petityu.com\/en\/wp-json\/wp\/v2\/product_cat?post=9279"},{"taxonomy":"product_tag","embeddable":true,"href":"https:\/\/petityu.com\/en\/wp-json\/wp\/v2\/product_tag?post=9279"}],"curies":[{"name":"wp","href":"https:\/\/api.w.org\/{rel}","templated":true}]}}