{"id":9287,"date":"2026-04-28T17:03:09","date_gmt":"2026-04-28T14:03:09","guid":{"rendered":"https:\/\/petityu.com\/?post_type=product&#038;p=9287"},"modified":"2026-04-28T17:04:33","modified_gmt":"2026-04-28T14:04:33","slug":"petityu-upf50-uzun-boyun-korumali-ayarlanabilir-palmiye-desenli-sapka","status":"publish","type":"product","link":"https:\/\/petityu.com\/en\/petityu-upf50-uzun-boyun-korumali-ayarlanabilir-palmiye-desenli-sapka\/","title":{"rendered":"Petityu UPF50+ Uzun Boyun Korumal\u0131 Ayarlanabilir Palmiye Desenli \u015eapka"},"content":{"rendered":"<p><p>UPF50+ Uzun Boyun Korumal\u0131 Ayarlanabilir \u015eapka<\/p><p>Palmiye Desenli<\/p><\/p>","protected":false},"excerpt":{"rendered":"<p>UPF50+ Uzun Boyun Korumal\u0131 Ayarlanabilir \u015eapkaPalmiye Desenli<\/p>","protected":false},"featured_media":9286,"template":"","meta":[],"product_brand":[],"product_cat":[996],"product_tag":[],"class_list":{"0":"post-9287","1":"product","2":"type-product","3":"status-publish","4":"has-post-thumbnail","6":"product_cat-sapka-erkekcocuk","8":"first","9":"instock","10":"taxable","11":"shipping-taxable","12":"purchasable","13":"product-type-variable"},"_links":{"self":[{"href":"https:\/\/petityu.com\/en\/wp-json\/wp\/v2\/product\/9287","targetHints":{"allow":["GET"]}}],"collection":[{"href":"https:\/\/petityu.com\/en\/wp-json\/wp\/v2\/product"}],"about":[{"href":"https:\/\/petityu.com\/en\/wp-json\/wp\/v2\/types\/product"}],"wp:featuredmedia":[{"embeddable":true,"href":"https:\/\/petityu.com\/en\/wp-json\/wp\/v2\/media\/9286"}],"wp:attachment":[{"href":"https:\/\/petityu.com\/en\/wp-json\/wp\/v2\/media?parent=9287"}],"wp:term":[{"taxonomy":"product_brand","embeddable":true,"href":"https:\/\/petityu.com\/en\/wp-json\/wp\/v2\/product_brand?post=9287"},{"taxonomy":"product_cat","embeddable":true,"href":"https:\/\/petityu.com\/en\/wp-json\/wp\/v2\/product_cat?post=9287"},{"taxonomy":"product_tag","embeddable":true,"href":"https:\/\/petityu.com\/en\/wp-json\/wp\/v2\/product_tag?post=9287"}],"curies":[{"name":"wp","href":"https:\/\/api.w.org\/{rel}","templated":true}]}}